{"id":2944,"date":"2023-02-28T17:59:30","date_gmt":"2023-02-28T16:59:30","guid":{"rendered":"https:\/\/rcpt.euromaritime.fr\/le-salon\/notre-engagement-rse\/"},"modified":"2026-01-15T12:02:50","modified_gmt":"2026-01-15T11:02:50","slug":"notre-engagement-rse","status":"publish","type":"page","link":"https:\/\/rcpt1.euromaritime.fr\/fr\/le-salon\/notre-engagement-rse\/","title":{"rendered":"Notre engagement RSE"},"content":{"rendered":"\t\t<div data-elementor-type=\"wp-page\" data-elementor-id=\"2944\" class=\"elementor elementor-2944 elementor-1361\" data-elementor-settings=\"{&quot;ha_cmc_init_switcher&quot;:&quot;no&quot;}\" data-elementor-post-type=\"page\">\n\t\t\t\t<div data-particle_enable=\"false\" data-particle-mobile-disabled=\"false\" class=\"elementor-element elementor-element-219c994 e-con-full e-flex e-con e-parent\" data-id=\"219c994\" data-element_type=\"container\" data-e-type=\"container\" data-settings=\"{&quot;_ha_eqh_enable&quot;:false}\">\n\t\t<div data-particle_enable=\"false\" data-particle-mobile-disabled=\"false\" class=\"elementor-element elementor-element-9d5fbac e-flex e-con-boxed e-con e-child\" data-id=\"9d5fbac\" data-element_type=\"container\" data-e-type=\"container\" data-settings=\"{&quot;_ha_eqh_enable&quot;:false}\">\n\t\t\t\t\t<div class=\"e-con-inner\">\n\t\t<div data-particle_enable=\"false\" data-particle-mobile-disabled=\"false\" class=\"elementor-element elementor-element-4bb0935 e-con-full e-flex e-con e-child\" data-id=\"4bb0935\" data-element_type=\"container\" data-e-type=\"container\" data-settings=\"{&quot;_ha_eqh_enable&quot;:false}\">\n\t\t\t\t<div class=\"elementor-element elementor-element-613f746 elementor-widget elementor-widget-text-editor\" data-id=\"613f746\" data-element_type=\"widget\" data-e-type=\"widget\" data-widget_type=\"text-editor.default\">\n\t\t\t\t<div class=\"elementor-widget-container\">\n\t\t\t\t\t\t\t\t\t<p>EUROMARITIME S\u2019ENGAGE DANS UNE D\u00c9MARCHE DE RESPONSABILIT\u00c9 SOCI\u00c9TALE DE L\u2019ENTREPRISE (RSE)<\/p><p>Engag\u00e9 dans une d\u00e9marche de RSE (Responsabilit\u00e9 Sociale des Entreprises), Euromaritime structure ses engagements autour de quatre objectifs compl\u00e9mentaires, qui constitueront la base de sa politique RSE pour les ann\u00e9es \u00e0 venir.<\/p><p>Tous concern\u00e9s, tous impliqu\u00e9s ! Pour toutes questions, remarques ou besoins concernant la politique RSE de Sogena, nous vous invitons \u00e0 nous contacter \u00e0 : <span class=\"ui-provider gm b c d e f g h i j k l m n o p q r s t u v w x y z ab ac ae af ag ah ai aj ak\" dir=\"ltr\"><a class=\"fui-Link ___1idfs5o f3rmtva f1ewtqcl fyind8e f1k6fduh f1w7gpdv fk6fouc fjoy568 figsok6 f1hu3pq6 f11qmguv f19f4twv f1tyq0we f1g0x7ka fhxju0i f1qch9an f1cnd47f fqv5qza f1vmzxwi f1o700av f13mvf36 f1cmlufx f9n3di6 f1ids18y f1tx3yz7 f1deo86v f1eh06m1 f1iescvh ftqa4ok f2hkw1w fhgqx19 f1olyrje f1p93eir f1h8hb77 f1x7u7e9 f10aw75t fsle3fq f17ae5zn\" title=\"mailto:rse@sogena-events.com\" href=\"mailto:rse@sogena-events.com\" target=\"_blank\" rel=\"noreferrer noopener\" aria-label=\"Lien rse@sogena-events.com\">rse@sogena-events.com<\/a><\/span><\/p><p>La politique de RSE est disponible ici :<\/p>\t\t\t\t\t\t\t\t<\/div>\n\t\t\t\t<\/div>\n\t\t\t\t<div class=\"elementor-element elementor-element-25db656 elementor-widget elementor-widget-button\" data-id=\"25db656\" data-element_type=\"widget\" data-e-type=\"widget\" data-widget_type=\"button.default\">\n\t\t\t\t<div class=\"elementor-widget-container\">\n\t\t\t\t\t\t\t\t\t<div class=\"elementor-button-wrapper\">\n\t\t\t\t\t<a class=\"elementor-button elementor-button-link elementor-size-sm\" href=\"https:\/\/www.calameo.com\/read\/0052585394335813d46ff\" target=\"_blank\">\n\t\t\t\t\t\t<span class=\"elementor-button-content-wrapper\">\n\t\t\t\t\t\t\t\t\t<span class=\"elementor-button-text\">Guide RSE<\/span>\n\t\t\t\t\t<\/span>\n\t\t\t\t\t<\/a>\n\t\t\t\t<\/div>\n\t\t\t\t\t\t\t\t<\/div>\n\t\t\t\t<\/div>\n\t\t\t\t<\/div>\n\t\t<div data-particle_enable=\"false\" data-particle-mobile-disabled=\"false\" class=\"elementor-element elementor-element-81ef60a e-con-full e-flex e-con e-child\" data-id=\"81ef60a\" data-element_type=\"container\" data-e-type=\"container\" data-settings=\"{&quot;_ha_eqh_enable&quot;:false}\">\n\t\t\t\t<div class=\"elementor-element elementor-element-97ab67c ha-has-bg-overlay elementor-widget elementor-widget-text-editor\" data-id=\"97ab67c\" data-element_type=\"widget\" data-e-type=\"widget\" data-widget_type=\"text-editor.default\">\n\t\t\t\t<div class=\"elementor-widget-container\">\n\t\t\t\t\t\t\t\t\t<p><strong>Objectif 1 : Mobiliser les fournisseurs et prestataires via une politique d\u2019achat responsable.<br><\/strong> La majorit\u00e9 des impacts sur site sont li\u00e9s \u00e0 des prestations d\u00e9l\u00e9gu\u00e9es \u00e0 des fournisseurs (ex. am\u00e9nagement, nettoyage, impression,\u2026). Euromaritime souhait engager ses prestataires dans sa d\u00e9marche RSE en garantissant la qualit\u00e9 environnementale et soci\u00e9tale des produits et services propos\u00e9s.<\/p><p><strong>Objectif 2 : soutenir les initiatives des exposants en mati\u00e8re de RSE dans la conception et l\u2019exploitation de leurs stands.<br><\/strong>La construction des stands repr\u00e9sente un impact environnemental non n\u00e9gligeable. EUROMARITIME souhaite favoriser l\u2019\u00e9co-conception des am\u00e9nagements, sous la responsabilit\u00e9 de chaque exposant, via la mise \u00e0 disposition d\u2019outils et de services sp\u00e9cifiques.<\/p><p>Pour le lancement de sa politique RSE, Euromaritime met \u00e0 la disposition un guide RSE \u00e0 l&rsquo;ensemble de ses exposants.<\/p><p><strong>Objectif 3 : Impliquer les coll\u00e8gues et les sensibiliser \u00e0 la d\u00e9marche RSE.<br><\/strong>Une d\u00e9marche RSE r\u00e9ussie est un travail partag\u00e9, c\u2019est pourquoi EUROMARITIME mobilise l\u2019ensemble de ses coll\u00e8gues permanents et temporaires dans ce projet d\u2019entreprise. Tous concern\u00e9s, tous impliqu\u00e9s !<\/p><p><strong>Objectif 4 : Analyser et optimiser les impacts environnementaux de nos activit\u00e9s<br><\/strong>Pour toute question, commentaire ou besoin concernant la politique RSE d\u2019Euromaritime, veuillez contacter : contact@euromaritime.fr<\/p>\t\t\t\t\t\t\t\t<\/div>\n\t\t\t\t<\/div>\n\t\t\t\t<\/div>\n\t\t\t\t\t<\/div>\n\t\t\t\t<\/div>\n\t\t\t\t<\/div>\n\t\t\t\t<\/div>\n\t\t","protected":false},"excerpt":{"rendered":"<p>EUROMARITIME S\u2019ENGAGE DANS UNE D\u00c9MARCHE DE RESPONSABILIT\u00c9 SOCI\u00c9TALE DE L\u2019ENTREPRISE (RSE) Engag\u00e9 dans une d\u00e9marche de RSE (Responsabilit\u00e9 Sociale des Entreprises), Euromaritime structure ses engagements autour de quatre objectifs compl\u00e9mentaires, qui constitueront la base de sa politique RSE pour les ann\u00e9es \u00e0 venir. Tous concern\u00e9s, tous impliqu\u00e9s ! Pour toutes questions, remarques ou besoins concernant [&hellip;]<\/p>\n","protected":false},"author":1,"featured_media":0,"parent":2934,"menu_order":0,"comment_status":"closed","ping_status":"closed","template":"","meta":{"_acf_changed":false,"footnotes":"","_links_to":"","_links_to_target":""},"class_list":["post-2944","page","type-page","status-publish","hentry"],"acf":[],"yoast_head":"<!-- This site is optimized with the Yoast SEO plugin v27.1.1 - https:\/\/yoast.com\/product\/yoast-seo-wordpress\/ -->\n<title>EUROMARITIME - Notre engagement RSE<\/title>\n<meta name=\"description\" content=\"D\u00e9couvrez la politique RSE d\u2019EUROMARITIME, structur\u00e9e autour de 4 objectifs compl\u00e9mentaires visant \u00e0 mobiliser les fournisseurs, soutenir les initiatives des exposants, impliquer les coll\u00e8gues et optimiser les impacts environnementaux. Pour lancer cette approche, un guide RSE est \u00e0 la disposition de tous les exposants. Contactez-nous pour en savoir plus sur notre engagement envers la responsabilit\u00e9 sociale des entreprises.\" \/>\n<meta name=\"robots\" content=\"index, follow, max-snippet:-1, max-image-preview:large, max-video-preview:-1\" \/>\n<link rel=\"canonical\" href=\"https:\/\/www.euromaritime.fr\/fr\/le-salon\/notre-engagement-rse\/\" \/>\n<meta property=\"og:locale\" content=\"fr_FR\" \/>\n<meta property=\"og:type\" content=\"article\" \/>\n<meta property=\"og:title\" content=\"EUROMARITIME - Notre engagement RSE\" \/>\n<meta property=\"og:description\" content=\"D\u00e9couvrez la politique RSE d\u2019EUROMARITIME, structur\u00e9e autour de 4 objectifs compl\u00e9mentaires visant \u00e0 mobiliser les fournisseurs, soutenir les initiatives des exposants, impliquer les coll\u00e8gues et optimiser les impacts environnementaux. Pour lancer cette approche, un guide RSE est \u00e0 la disposition de tous les exposants. Contactez-nous pour en savoir plus sur notre engagement envers la responsabilit\u00e9 sociale des entreprises.\" \/>\n<meta property=\"og:url\" content=\"https:\/\/www.euromaritime.fr\/fr\/le-salon\/notre-engagement-rse\/\" \/>\n<meta property=\"og:site_name\" content=\"Euromaritime\" \/>\n<meta property=\"article:modified_time\" content=\"2026-01-15T11:02:50+00:00\" \/>\n<meta name=\"twitter:card\" content=\"summary_large_image\" \/>\n<meta name=\"twitter:site\" content=\"@Euromaritime22\" \/>\n<meta name=\"twitter:label1\" content=\"Dur\u00e9e de lecture estim\u00e9e\" \/>\n\t<meta name=\"twitter:data1\" content=\"2 minutes\" \/>\n<script type=\"application\/ld+json\" class=\"yoast-schema-graph\">{\"@context\":\"https:\/\/schema.org\",\"@graph\":[{\"@type\":\"WebPage\",\"@id\":\"https:\/\/www.euromaritime.fr\/fr\/le-salon\/notre-engagement-rse\/\",\"url\":\"https:\/\/www.euromaritime.fr\/fr\/le-salon\/notre-engagement-rse\/\",\"name\":\"EUROMARITIME - Notre engagement RSE\",\"isPartOf\":{\"@id\":\"https:\/\/www.euromaritime.fr\/#website\"},\"datePublished\":\"2023-02-28T16:59:30+00:00\",\"dateModified\":\"2026-01-15T11:02:50+00:00\",\"description\":\"D\u00e9couvrez la politique RSE d\u2019EUROMARITIME, structur\u00e9e autour de 4 objectifs compl\u00e9mentaires visant \u00e0 mobiliser les fournisseurs, soutenir les initiatives des exposants, impliquer les coll\u00e8gues et optimiser les impacts environnementaux. Pour lancer cette approche, un guide RSE est \u00e0 la disposition de tous les exposants. Contactez-nous pour en savoir plus sur notre engagement envers la responsabilit\u00e9 sociale des entreprises.\",\"breadcrumb\":{\"@id\":\"https:\/\/www.euromaritime.fr\/fr\/le-salon\/notre-engagement-rse\/#breadcrumb\"},\"inLanguage\":\"fr-FR\",\"potentialAction\":[{\"@type\":\"ReadAction\",\"target\":[\"https:\/\/www.euromaritime.fr\/fr\/le-salon\/notre-engagement-rse\/\"]}]},{\"@type\":\"BreadcrumbList\",\"@id\":\"https:\/\/www.euromaritime.fr\/fr\/le-salon\/notre-engagement-rse\/#breadcrumb\",\"itemListElement\":[{\"@type\":\"ListItem\",\"position\":1,\"name\":\"Accueil\",\"item\":\"https:\/\/www.euromaritime.fr\/fr\/accueil2026\/\"},{\"@type\":\"ListItem\",\"position\":2,\"name\":\"Le Salon\",\"item\":\"https:\/\/www.euromaritime.fr\/fr\/le-salon\/\"},{\"@type\":\"ListItem\",\"position\":3,\"name\":\"Notre engagement RSE\"}]},{\"@type\":\"WebSite\",\"@id\":\"https:\/\/www.euromaritime.fr\/#website\",\"url\":\"https:\/\/www.euromaritime.fr\/\",\"name\":\"Euromaritime\",\"description\":\"Trade fair for an innovative marine industry\",\"publisher\":{\"@id\":\"https:\/\/www.euromaritime.fr\/#organization\"},\"potentialAction\":[{\"@type\":\"SearchAction\",\"target\":{\"@type\":\"EntryPoint\",\"urlTemplate\":\"https:\/\/www.euromaritime.fr\/?s={search_term_string}\"},\"query-input\":{\"@type\":\"PropertyValueSpecification\",\"valueRequired\":true,\"valueName\":\"search_term_string\"}}],\"inLanguage\":\"fr-FR\"},{\"@type\":\"Organization\",\"@id\":\"https:\/\/www.euromaritime.fr\/#organization\",\"name\":\"Euromaritime\",\"url\":\"https:\/\/www.euromaritime.fr\/\",\"logo\":{\"@type\":\"ImageObject\",\"inLanguage\":\"fr-FR\",\"@id\":\"https:\/\/www.euromaritime.fr\/#\/schema\/logo\/image\/\",\"url\":\"https:\/\/rcpt1.euromaritime.fr\/wp-content\/uploads\/2023\/02\/euromaritime-logo-dark.svg\",\"contentUrl\":\"https:\/\/rcpt1.euromaritime.fr\/wp-content\/uploads\/2023\/02\/euromaritime-logo-dark.svg\",\"caption\":\"Euromaritime\"},\"image\":{\"@id\":\"https:\/\/www.euromaritime.fr\/#\/schema\/logo\/image\/\"},\"sameAs\":[\"https:\/\/x.com\/Euromaritime22\",\"https:\/\/www.linkedin.com\/company\/euromaritime\/\",\"https:\/\/www.youtube.com\/@euromaritime5954\"]}]}<\/script>\n<!-- \/ Yoast SEO plugin. -->","yoast_head_json":{"title":"EUROMARITIME - Notre engagement RSE","description":"D\u00e9couvrez la politique RSE d\u2019EUROMARITIME, structur\u00e9e autour de 4 objectifs compl\u00e9mentaires visant \u00e0 mobiliser les fournisseurs, soutenir les initiatives des exposants, impliquer les coll\u00e8gues et optimiser les impacts environnementaux. Pour lancer cette approche, un guide RSE est \u00e0 la disposition de tous les exposants. Contactez-nous pour en savoir plus sur notre engagement envers la responsabilit\u00e9 sociale des entreprises.","robots":{"index":"index","follow":"follow","max-snippet":"max-snippet:-1","max-image-preview":"max-image-preview:large","max-video-preview":"max-video-preview:-1"},"canonical":"https:\/\/www.euromaritime.fr\/fr\/le-salon\/notre-engagement-rse\/","og_locale":"fr_FR","og_type":"article","og_title":"EUROMARITIME - Notre engagement RSE","og_description":"D\u00e9couvrez la politique RSE d\u2019EUROMARITIME, structur\u00e9e autour de 4 objectifs compl\u00e9mentaires visant \u00e0 mobiliser les fournisseurs, soutenir les initiatives des exposants, impliquer les coll\u00e8gues et optimiser les impacts environnementaux. Pour lancer cette approche, un guide RSE est \u00e0 la disposition de tous les exposants. Contactez-nous pour en savoir plus sur notre engagement envers la responsabilit\u00e9 sociale des entreprises.","og_url":"https:\/\/www.euromaritime.fr\/fr\/le-salon\/notre-engagement-rse\/","og_site_name":"Euromaritime","article_modified_time":"2026-01-15T11:02:50+00:00","twitter_card":"summary_large_image","twitter_site":"@Euromaritime22","twitter_misc":{"Dur\u00e9e de lecture estim\u00e9e":"2 minutes"},"schema":{"@context":"https:\/\/schema.org","@graph":[{"@type":"WebPage","@id":"https:\/\/www.euromaritime.fr\/fr\/le-salon\/notre-engagement-rse\/","url":"https:\/\/www.euromaritime.fr\/fr\/le-salon\/notre-engagement-rse\/","name":"EUROMARITIME - Notre engagement RSE","isPartOf":{"@id":"https:\/\/www.euromaritime.fr\/#website"},"datePublished":"2023-02-28T16:59:30+00:00","dateModified":"2026-01-15T11:02:50+00:00","description":"D\u00e9couvrez la politique RSE d\u2019EUROMARITIME, structur\u00e9e autour de 4 objectifs compl\u00e9mentaires visant \u00e0 mobiliser les fournisseurs, soutenir les initiatives des exposants, impliquer les coll\u00e8gues et optimiser les impacts environnementaux. Pour lancer cette approche, un guide RSE est \u00e0 la disposition de tous les exposants. Contactez-nous pour en savoir plus sur notre engagement envers la responsabilit\u00e9 sociale des entreprises.","breadcrumb":{"@id":"https:\/\/www.euromaritime.fr\/fr\/le-salon\/notre-engagement-rse\/#breadcrumb"},"inLanguage":"fr-FR","potentialAction":[{"@type":"ReadAction","target":["https:\/\/www.euromaritime.fr\/fr\/le-salon\/notre-engagement-rse\/"]}]},{"@type":"BreadcrumbList","@id":"https:\/\/www.euromaritime.fr\/fr\/le-salon\/notre-engagement-rse\/#breadcrumb","itemListElement":[{"@type":"ListItem","position":1,"name":"Accueil","item":"https:\/\/www.euromaritime.fr\/fr\/accueil2026\/"},{"@type":"ListItem","position":2,"name":"Le Salon","item":"https:\/\/www.euromaritime.fr\/fr\/le-salon\/"},{"@type":"ListItem","position":3,"name":"Notre engagement RSE"}]},{"@type":"WebSite","@id":"https:\/\/www.euromaritime.fr\/#website","url":"https:\/\/www.euromaritime.fr\/","name":"Euromaritime","description":"Trade fair for an innovative marine industry","publisher":{"@id":"https:\/\/www.euromaritime.fr\/#organization"},"potentialAction":[{"@type":"SearchAction","target":{"@type":"EntryPoint","urlTemplate":"https:\/\/www.euromaritime.fr\/?s={search_term_string}"},"query-input":{"@type":"PropertyValueSpecification","valueRequired":true,"valueName":"search_term_string"}}],"inLanguage":"fr-FR"},{"@type":"Organization","@id":"https:\/\/www.euromaritime.fr\/#organization","name":"Euromaritime","url":"https:\/\/www.euromaritime.fr\/","logo":{"@type":"ImageObject","inLanguage":"fr-FR","@id":"https:\/\/www.euromaritime.fr\/#\/schema\/logo\/image\/","url":"https:\/\/rcpt1.euromaritime.fr\/wp-content\/uploads\/2023\/02\/euromaritime-logo-dark.svg","contentUrl":"https:\/\/rcpt1.euromaritime.fr\/wp-content\/uploads\/2023\/02\/euromaritime-logo-dark.svg","caption":"Euromaritime"},"image":{"@id":"https:\/\/www.euromaritime.fr\/#\/schema\/logo\/image\/"},"sameAs":["https:\/\/x.com\/Euromaritime22","https:\/\/www.linkedin.com\/company\/euromaritime\/","https:\/\/www.youtube.com\/@euromaritime5954"]}]}},"_links":{"self":[{"href":"https:\/\/rcpt1.euromaritime.fr\/fr\/wp-json\/wp\/v2\/pages\/2944","targetHints":{"allow":["GET"]}}],"collection":[{"href":"https:\/\/rcpt1.euromaritime.fr\/fr\/wp-json\/wp\/v2\/pages"}],"about":[{"href":"https:\/\/rcpt1.euromaritime.fr\/fr\/wp-json\/wp\/v2\/types\/page"}],"author":[{"embeddable":true,"href":"https:\/\/rcpt1.euromaritime.fr\/fr\/wp-json\/wp\/v2\/users\/1"}],"replies":[{"embeddable":true,"href":"https:\/\/rcpt1.euromaritime.fr\/fr\/wp-json\/wp\/v2\/comments?post=2944"}],"version-history":[{"count":3,"href":"https:\/\/rcpt1.euromaritime.fr\/fr\/wp-json\/wp\/v2\/pages\/2944\/revisions"}],"predecessor-version":[{"id":19526,"href":"https:\/\/rcpt1.euromaritime.fr\/fr\/wp-json\/wp\/v2\/pages\/2944\/revisions\/19526"}],"up":[{"embeddable":true,"href":"https:\/\/rcpt1.euromaritime.fr\/fr\/wp-json\/wp\/v2\/pages\/2934"}],"wp:attachment":[{"href":"https:\/\/rcpt1.euromaritime.fr\/fr\/wp-json\/wp\/v2\/media?parent=2944"}],"curies":[{"name":"wp","href":"https:\/\/api.w.org\/{rel}","templated":true}]}}