{"id":16711,"date":"2025-03-21T17:19:49","date_gmt":"2025-03-21T16:19:49","guid":{"rendered":"https:\/\/www.euromaritime.fr\/medias\/kit-marketing\/"},"modified":"2025-11-25T17:17:55","modified_gmt":"2025-11-25T16:17:55","slug":"kit-marketing","status":"publish","type":"page","link":"https:\/\/rcpt1.euromaritime.fr\/fr\/medias\/kit-marketing\/","title":{"rendered":"Kit Marketing"},"content":{"rendered":"\t\t<div data-elementor-type=\"wp-page\" data-elementor-id=\"16711\" class=\"elementor elementor-16711 elementor-16701\" data-elementor-settings=\"{&quot;ha_cmc_init_switcher&quot;:&quot;no&quot;}\" data-elementor-post-type=\"page\">\n\t\t\t\t<div data-particle_enable=\"false\" data-particle-mobile-disabled=\"false\" class=\"elementor-element elementor-element-0114ec5 e-con-full e-flex e-con e-parent\" data-id=\"0114ec5\" data-element_type=\"container\" data-e-type=\"container\" data-settings=\"{&quot;_ha_eqh_enable&quot;:false}\">\n\t\t\t\t<\/div>\n\t\t<div data-particle_enable=\"false\" data-particle-mobile-disabled=\"false\" class=\"elementor-element elementor-element-2e11a2e e-con-full e-flex e-con e-parent\" data-id=\"2e11a2e\" data-element_type=\"container\" data-e-type=\"container\" data-settings=\"{&quot;_ha_eqh_enable&quot;:false}\">\n\t\t<div data-particle_enable=\"false\" data-particle-mobile-disabled=\"false\" class=\"elementor-element elementor-element-3094f23 e-flex e-con-boxed e-con e-child\" data-id=\"3094f23\" data-element_type=\"container\" data-e-type=\"container\" data-settings=\"{&quot;_ha_eqh_enable&quot;:false}\">\n\t\t\t\t\t<div class=\"e-con-inner\">\n\t\t<div data-particle_enable=\"false\" data-particle-mobile-disabled=\"false\" class=\"elementor-element elementor-element-5cef2d2 e-con-full e-flex e-con e-child\" data-id=\"5cef2d2\" data-element_type=\"container\" data-e-type=\"container\" data-settings=\"{&quot;_ha_eqh_enable&quot;:false}\">\n\t\t\t\t<div class=\"elementor-element elementor-element-c60805a elementor-widget elementor-widget-image\" data-id=\"c60805a\" data-element_type=\"widget\" data-e-type=\"widget\" data-widget_type=\"image.default\">\n\t\t\t\t<div class=\"elementor-widget-container\">\n\t\t\t\t\t\t\t\t\t\t\t\t\t\t\t<img fetchpriority=\"high\" decoding=\"async\" width=\"800\" height=\"800\" src=\"https:\/\/rcpt1.euromaritime.fr\/wp-content\/uploads\/2025\/03\/Post-Linkedin-1200x1200px-FR-1-1024x1024.jpg\" class=\"attachment-large size-large wp-image-16692\" alt=\"post-linkedin-1200x1200px-FR\" srcset=\"https:\/\/rcpt1.euromaritime.fr\/wp-content\/uploads\/2025\/03\/Post-Linkedin-1200x1200px-FR-1-1024x1024.jpg 1024w, https:\/\/rcpt1.euromaritime.fr\/wp-content\/uploads\/2025\/03\/Post-Linkedin-1200x1200px-FR-1-300x300.jpg 300w, https:\/\/rcpt1.euromaritime.fr\/wp-content\/uploads\/2025\/03\/Post-Linkedin-1200x1200px-FR-1-150x150.jpg 150w, https:\/\/rcpt1.euromaritime.fr\/wp-content\/uploads\/2025\/03\/Post-Linkedin-1200x1200px-FR-1-768x768.jpg 768w, https:\/\/rcpt1.euromaritime.fr\/wp-content\/uploads\/2025\/03\/Post-Linkedin-1200x1200px-FR-1.jpg 1200w\" sizes=\"(max-width: 800px) 100vw, 800px\" \/>\t\t\t\t\t\t\t\t\t\t\t\t\t\t\t<\/div>\n\t\t\t\t<\/div>\n\t\t\t\t<\/div>\n\t\t<div data-particle_enable=\"false\" data-particle-mobile-disabled=\"false\" class=\"elementor-element elementor-element-bfb38ba e-con-full e-flex e-con e-child\" data-id=\"bfb38ba\" data-element_type=\"container\" data-e-type=\"container\" data-settings=\"{&quot;_ha_eqh_enable&quot;:false}\">\n\t\t\t\t<div class=\"elementor-element elementor-element-2b96446 elementor-widget elementor-widget-button\" data-id=\"2b96446\" data-element_type=\"widget\" data-e-type=\"widget\" data-widget_type=\"button.default\">\n\t\t\t\t<div class=\"elementor-widget-container\">\n\t\t\t\t\t\t\t\t\t<div class=\"elementor-button-wrapper\">\n\t\t\t\t\t<a class=\"elementor-button elementor-button-link elementor-size-sm\" href=\"https:\/\/rcpt1.euromaritime.fr\/fr\/post-linkedin-1200x1200px-gb\/\" target=\"_blank\">\n\t\t\t\t\t\t<span class=\"elementor-button-content-wrapper\">\n\t\t\t\t\t\t<span class=\"elementor-button-icon\">\n\t\t\t\t<i aria-hidden=\"true\" class=\"huge huge-download-05\"><\/i>\t\t\t<\/span>\n\t\t\t\t\t\t\t\t\t<span class=\"elementor-button-text\">Post Linkedin<\/span>\n\t\t\t\t\t<\/span>\n\t\t\t\t\t<\/a>\n\t\t\t\t<\/div>\n\t\t\t\t\t\t\t\t<\/div>\n\t\t\t\t<\/div>\n\t\t\t\t<div class=\"elementor-element elementor-element-f34bb52 elementor-widget elementor-widget-button\" data-id=\"f34bb52\" data-element_type=\"widget\" data-e-type=\"widget\" data-widget_type=\"button.default\">\n\t\t\t\t<div class=\"elementor-widget-container\">\n\t\t\t\t\t\t\t\t\t<div class=\"elementor-button-wrapper\">\n\t\t\t\t\t<a class=\"elementor-button elementor-button-link elementor-size-sm\" href=\"https:\/\/rcpt1.euromaritime.fr\/fr\/banner-linkedin-1584x396px-gb\/\" target=\"_blank\">\n\t\t\t\t\t\t<span class=\"elementor-button-content-wrapper\">\n\t\t\t\t\t\t<span class=\"elementor-button-icon\">\n\t\t\t\t<i aria-hidden=\"true\" class=\"huge huge-download-05\"><\/i>\t\t\t<\/span>\n\t\t\t\t\t\t\t\t\t<span class=\"elementor-button-text\">Banni\u00e8re Linkedin<\/span>\n\t\t\t\t\t<\/span>\n\t\t\t\t\t<\/a>\n\t\t\t\t<\/div>\n\t\t\t\t\t\t\t\t<\/div>\n\t\t\t\t<\/div>\n\t\t\t\t<div class=\"elementor-element elementor-element-26dd098 elementor-widget elementor-widget-button\" data-id=\"26dd098\" data-element_type=\"widget\" data-e-type=\"widget\" data-widget_type=\"button.default\">\n\t\t\t\t<div class=\"elementor-widget-container\">\n\t\t\t\t\t\t\t\t\t<div class=\"elementor-button-wrapper\">\n\t\t\t\t\t<a class=\"elementor-button elementor-button-link elementor-size-sm\" href=\"https:\/\/rcpt1.euromaritime.fr\/fr\/email-signature-945x315px-gb\/\" target=\"_blank\">\n\t\t\t\t\t\t<span class=\"elementor-button-content-wrapper\">\n\t\t\t\t\t\t<span class=\"elementor-button-icon\">\n\t\t\t\t<i aria-hidden=\"true\" class=\"huge huge-download-05\"><\/i>\t\t\t<\/span>\n\t\t\t\t\t\t\t\t\t<span class=\"elementor-button-text\">Signature Email<\/span>\n\t\t\t\t\t<\/span>\n\t\t\t\t\t<\/a>\n\t\t\t\t<\/div>\n\t\t\t\t\t\t\t\t<\/div>\n\t\t\t\t<\/div>\n\t\t\t\t<div class=\"elementor-element elementor-element-2520e7f elementor-widget elementor-widget-button\" data-id=\"2520e7f\" data-element_type=\"widget\" data-e-type=\"widget\" data-widget_type=\"button.default\">\n\t\t\t\t<div class=\"elementor-widget-container\">\n\t\t\t\t\t\t\t\t\t<div class=\"elementor-button-wrapper\">\n\t\t\t\t\t<a class=\"elementor-button elementor-button-link elementor-size-sm\" href=\"https:\/\/rcpt1.euromaritime.fr\/fr\/banner-newsletter-600x200px-gb\/\" target=\"_blank\">\n\t\t\t\t\t\t<span class=\"elementor-button-content-wrapper\">\n\t\t\t\t\t\t<span class=\"elementor-button-icon\">\n\t\t\t\t<i aria-hidden=\"true\" class=\"huge huge-download-05\"><\/i>\t\t\t<\/span>\n\t\t\t\t\t\t\t\t\t<span class=\"elementor-button-text\">Banni\u00e8re Newsletter<\/span>\n\t\t\t\t\t<\/span>\n\t\t\t\t\t<\/a>\n\t\t\t\t<\/div>\n\t\t\t\t\t\t\t\t<\/div>\n\t\t\t\t<\/div>\n\t\t\t\t<div class=\"elementor-element elementor-element-cd6b611 elementor-widget-divider--view-line elementor-widget elementor-widget-divider\" data-id=\"cd6b611\" data-element_type=\"widget\" data-e-type=\"widget\" data-widget_type=\"divider.default\">\n\t\t\t\t<div class=\"elementor-widget-container\">\n\t\t\t\t\t\t\t<div class=\"elementor-divider\">\n\t\t\t<span class=\"elementor-divider-separator\">\n\t\t\t\t\t\t<\/span>\n\t\t<\/div>\n\t\t\t\t\t\t<\/div>\n\t\t\t\t<\/div>\n\t\t\t\t<div class=\"elementor-element elementor-element-390b01a elementor-widget elementor-widget-button\" data-id=\"390b01a\" data-element_type=\"widget\" data-e-type=\"widget\" data-widget_type=\"button.default\">\n\t\t\t\t<div class=\"elementor-widget-container\">\n\t\t\t\t\t\t\t\t\t<div class=\"elementor-button-wrapper\">\n\t\t\t\t\t<a class=\"elementor-button elementor-button-link elementor-size-sm\" href=\"https:\/\/rcpt1.euromaritime.fr\/wp-content\/uploads\/2025\/03\/logos-FR.zip\" target=\"_blank\">\n\t\t\t\t\t\t<span class=\"elementor-button-content-wrapper\">\n\t\t\t\t\t\t<span class=\"elementor-button-icon\">\n\t\t\t\t<i aria-hidden=\"true\" class=\"huge huge-download-05\"><\/i>\t\t\t<\/span>\n\t\t\t\t\t\t\t\t\t<span class=\"elementor-button-text\">Logo Blanc et Couleur<\/span>\n\t\t\t\t\t<\/span>\n\t\t\t\t\t<\/a>\n\t\t\t\t<\/div>\n\t\t\t\t\t\t\t\t<\/div>\n\t\t\t\t<\/div>\n\t\t\t\t<\/div>\n\t\t\t\t\t<\/div>\n\t\t\t\t<\/div>\n\t\t\t\t<\/div>\n\t\t\t\t<\/div>\n\t\t","protected":false},"excerpt":{"rendered":"<p>Post Linkedin Banni\u00e8re Linkedin Signature Email Banni\u00e8re Newsletter Logo Blanc et Couleur<\/p>\n","protected":false},"author":1,"featured_media":0,"parent":3926,"menu_order":0,"comment_status":"closed","ping_status":"closed","template":"","meta":{"_acf_changed":false,"footnotes":"","_links_to":"","_links_to_target":""},"class_list":["post-16711","page","type-page","status-publish","hentry"],"acf":[],"yoast_head":"<!-- This site is optimized with the Yoast SEO plugin v27.1.1 - https:\/\/yoast.com\/product\/yoast-seo-wordpress\/ -->\n<title>EUROMARITIME - Kit Marketing<\/title>\n<meta name=\"description\" content=\"La nouvelle \u00e9dition d&#039;EUROMARITIME \u00e0 Marseille r\u00e9uni les acteurs cl\u00e9s des industries maritimes et de la croissance bleue euro-m\u00e9diterran\u00e9enne, favorisant l&#039;innovation, la transition \u00e9nerg\u00e9tique et l&#039;emploi.\" \/>\n<meta name=\"robots\" content=\"index, follow, max-snippet:-1, max-image-preview:large, max-video-preview:-1\" \/>\n<link rel=\"canonical\" href=\"https:\/\/www.euromaritime.fr\/fr\/medias\/kit-marketing\/\" \/>\n<meta property=\"og:locale\" content=\"fr_FR\" \/>\n<meta property=\"og:type\" content=\"article\" \/>\n<meta property=\"og:title\" content=\"EUROMARITIME - Kit Marketing\" \/>\n<meta property=\"og:description\" content=\"La nouvelle \u00e9dition d&#039;EUROMARITIME \u00e0 Marseille r\u00e9uni les acteurs cl\u00e9s des industries maritimes et de la croissance bleue euro-m\u00e9diterran\u00e9enne, favorisant l&#039;innovation, la transition \u00e9nerg\u00e9tique et l&#039;emploi.\" \/>\n<meta property=\"og:url\" content=\"https:\/\/www.euromaritime.fr\/fr\/medias\/kit-marketing\/\" \/>\n<meta property=\"og:site_name\" content=\"Euromaritime\" \/>\n<meta property=\"article:modified_time\" content=\"2025-11-25T16:17:55+00:00\" \/>\n<meta property=\"og:image\" content=\"https:\/\/rcpt1.euromaritime.fr\/wp-content\/uploads\/2025\/03\/post-linkedin-1200x1200px-GB.jpg\" \/>\n\t<meta property=\"og:image:width\" content=\"1200\" \/>\n\t<meta property=\"og:image:height\" content=\"1200\" \/>\n\t<meta property=\"og:image:type\" content=\"image\/jpeg\" \/>\n<meta name=\"twitter:card\" content=\"summary_large_image\" \/>\n<meta name=\"twitter:site\" content=\"@Euromaritime22\" \/>\n<script type=\"application\/ld+json\" class=\"yoast-schema-graph\">{\"@context\":\"https:\/\/schema.org\",\"@graph\":[{\"@type\":\"WebPage\",\"@id\":\"https:\/\/www.euromaritime.fr\/fr\/medias\/kit-marketing\/\",\"url\":\"https:\/\/www.euromaritime.fr\/fr\/medias\/kit-marketing\/\",\"name\":\"EUROMARITIME - Kit Marketing\",\"isPartOf\":{\"@id\":\"https:\/\/www.euromaritime.fr\/#website\"},\"primaryImageOfPage\":{\"@id\":\"https:\/\/www.euromaritime.fr\/fr\/medias\/kit-marketing\/#primaryimage\"},\"image\":{\"@id\":\"https:\/\/www.euromaritime.fr\/fr\/medias\/kit-marketing\/#primaryimage\"},\"thumbnailUrl\":\"https:\/\/rcpt1.euromaritime.fr\/wp-content\/uploads\/2025\/03\/post-linkedin-1200x1200px-GB-1024x1024.jpg\",\"datePublished\":\"2025-03-21T16:19:49+00:00\",\"dateModified\":\"2025-11-25T16:17:55+00:00\",\"description\":\"La nouvelle \u00e9dition d'EUROMARITIME \u00e0 Marseille r\u00e9uni les acteurs cl\u00e9s des industries maritimes et de la croissance bleue euro-m\u00e9diterran\u00e9enne, favorisant l'innovation, la transition \u00e9nerg\u00e9tique et l'emploi.\",\"breadcrumb\":{\"@id\":\"https:\/\/www.euromaritime.fr\/fr\/medias\/kit-marketing\/#breadcrumb\"},\"inLanguage\":\"fr-FR\",\"potentialAction\":[{\"@type\":\"ReadAction\",\"target\":[\"https:\/\/www.euromaritime.fr\/fr\/medias\/kit-marketing\/\"]}]},{\"@type\":\"ImageObject\",\"inLanguage\":\"fr-FR\",\"@id\":\"https:\/\/www.euromaritime.fr\/fr\/medias\/kit-marketing\/#primaryimage\",\"url\":\"https:\/\/rcpt1.euromaritime.fr\/wp-content\/uploads\/2025\/03\/post-linkedin-1200x1200px-GB-1024x1024.jpg\",\"contentUrl\":\"https:\/\/rcpt1.euromaritime.fr\/wp-content\/uploads\/2025\/03\/post-linkedin-1200x1200px-GB-1024x1024.jpg\"},{\"@type\":\"BreadcrumbList\",\"@id\":\"https:\/\/www.euromaritime.fr\/fr\/medias\/kit-marketing\/#breadcrumb\",\"itemListElement\":[{\"@type\":\"ListItem\",\"position\":1,\"name\":\"Accueil\",\"item\":\"https:\/\/www.euromaritime.fr\/fr\/accueil2026\/\"},{\"@type\":\"ListItem\",\"position\":2,\"name\":\"M\u00e9dias\",\"item\":\"https:\/\/www.euromaritime.fr\/fr\/medias\/\"},{\"@type\":\"ListItem\",\"position\":3,\"name\":\"Kit Marketing\"}]},{\"@type\":\"WebSite\",\"@id\":\"https:\/\/www.euromaritime.fr\/#website\",\"url\":\"https:\/\/www.euromaritime.fr\/\",\"name\":\"Euromaritime\",\"description\":\"Trade fair for an innovative marine industry\",\"publisher\":{\"@id\":\"https:\/\/www.euromaritime.fr\/#organization\"},\"potentialAction\":[{\"@type\":\"SearchAction\",\"target\":{\"@type\":\"EntryPoint\",\"urlTemplate\":\"https:\/\/www.euromaritime.fr\/?s={search_term_string}\"},\"query-input\":{\"@type\":\"PropertyValueSpecification\",\"valueRequired\":true,\"valueName\":\"search_term_string\"}}],\"inLanguage\":\"fr-FR\"},{\"@type\":\"Organization\",\"@id\":\"https:\/\/www.euromaritime.fr\/#organization\",\"name\":\"Euromaritime\",\"url\":\"https:\/\/www.euromaritime.fr\/\",\"logo\":{\"@type\":\"ImageObject\",\"inLanguage\":\"fr-FR\",\"@id\":\"https:\/\/www.euromaritime.fr\/#\/schema\/logo\/image\/\",\"url\":\"https:\/\/rcpt1.euromaritime.fr\/wp-content\/uploads\/2023\/02\/euromaritime-logo-dark.svg\",\"contentUrl\":\"https:\/\/rcpt1.euromaritime.fr\/wp-content\/uploads\/2023\/02\/euromaritime-logo-dark.svg\",\"caption\":\"Euromaritime\"},\"image\":{\"@id\":\"https:\/\/www.euromaritime.fr\/#\/schema\/logo\/image\/\"},\"sameAs\":[\"https:\/\/x.com\/Euromaritime22\",\"https:\/\/www.linkedin.com\/company\/euromaritime\/\",\"https:\/\/www.youtube.com\/@euromaritime5954\"]}]}<\/script>\n<!-- \/ Yoast SEO plugin. -->","yoast_head_json":{"title":"EUROMARITIME - Kit Marketing","description":"La nouvelle \u00e9dition d'EUROMARITIME \u00e0 Marseille r\u00e9uni les acteurs cl\u00e9s des industries maritimes et de la croissance bleue euro-m\u00e9diterran\u00e9enne, favorisant l'innovation, la transition \u00e9nerg\u00e9tique et l'emploi.","robots":{"index":"index","follow":"follow","max-snippet":"max-snippet:-1","max-image-preview":"max-image-preview:large","max-video-preview":"max-video-preview:-1"},"canonical":"https:\/\/www.euromaritime.fr\/fr\/medias\/kit-marketing\/","og_locale":"fr_FR","og_type":"article","og_title":"EUROMARITIME - Kit Marketing","og_description":"La nouvelle \u00e9dition d'EUROMARITIME \u00e0 Marseille r\u00e9uni les acteurs cl\u00e9s des industries maritimes et de la croissance bleue euro-m\u00e9diterran\u00e9enne, favorisant l'innovation, la transition \u00e9nerg\u00e9tique et l'emploi.","og_url":"https:\/\/www.euromaritime.fr\/fr\/medias\/kit-marketing\/","og_site_name":"Euromaritime","article_modified_time":"2025-11-25T16:17:55+00:00","og_image":[{"width":1200,"height":1200,"url":"https:\/\/rcpt1.euromaritime.fr\/wp-content\/uploads\/2025\/03\/post-linkedin-1200x1200px-GB.jpg","type":"image\/jpeg"}],"twitter_card":"summary_large_image","twitter_site":"@Euromaritime22","schema":{"@context":"https:\/\/schema.org","@graph":[{"@type":"WebPage","@id":"https:\/\/www.euromaritime.fr\/fr\/medias\/kit-marketing\/","url":"https:\/\/www.euromaritime.fr\/fr\/medias\/kit-marketing\/","name":"EUROMARITIME - Kit Marketing","isPartOf":{"@id":"https:\/\/www.euromaritime.fr\/#website"},"primaryImageOfPage":{"@id":"https:\/\/www.euromaritime.fr\/fr\/medias\/kit-marketing\/#primaryimage"},"image":{"@id":"https:\/\/www.euromaritime.fr\/fr\/medias\/kit-marketing\/#primaryimage"},"thumbnailUrl":"https:\/\/rcpt1.euromaritime.fr\/wp-content\/uploads\/2025\/03\/post-linkedin-1200x1200px-GB-1024x1024.jpg","datePublished":"2025-03-21T16:19:49+00:00","dateModified":"2025-11-25T16:17:55+00:00","description":"La nouvelle \u00e9dition d'EUROMARITIME \u00e0 Marseille r\u00e9uni les acteurs cl\u00e9s des industries maritimes et de la croissance bleue euro-m\u00e9diterran\u00e9enne, favorisant l'innovation, la transition \u00e9nerg\u00e9tique et l'emploi.","breadcrumb":{"@id":"https:\/\/www.euromaritime.fr\/fr\/medias\/kit-marketing\/#breadcrumb"},"inLanguage":"fr-FR","potentialAction":[{"@type":"ReadAction","target":["https:\/\/www.euromaritime.fr\/fr\/medias\/kit-marketing\/"]}]},{"@type":"ImageObject","inLanguage":"fr-FR","@id":"https:\/\/www.euromaritime.fr\/fr\/medias\/kit-marketing\/#primaryimage","url":"https:\/\/rcpt1.euromaritime.fr\/wp-content\/uploads\/2025\/03\/post-linkedin-1200x1200px-GB-1024x1024.jpg","contentUrl":"https:\/\/rcpt1.euromaritime.fr\/wp-content\/uploads\/2025\/03\/post-linkedin-1200x1200px-GB-1024x1024.jpg"},{"@type":"BreadcrumbList","@id":"https:\/\/www.euromaritime.fr\/fr\/medias\/kit-marketing\/#breadcrumb","itemListElement":[{"@type":"ListItem","position":1,"name":"Accueil","item":"https:\/\/www.euromaritime.fr\/fr\/accueil2026\/"},{"@type":"ListItem","position":2,"name":"M\u00e9dias","item":"https:\/\/www.euromaritime.fr\/fr\/medias\/"},{"@type":"ListItem","position":3,"name":"Kit Marketing"}]},{"@type":"WebSite","@id":"https:\/\/www.euromaritime.fr\/#website","url":"https:\/\/www.euromaritime.fr\/","name":"Euromaritime","description":"Trade fair for an innovative marine industry","publisher":{"@id":"https:\/\/www.euromaritime.fr\/#organization"},"potentialAction":[{"@type":"SearchAction","target":{"@type":"EntryPoint","urlTemplate":"https:\/\/www.euromaritime.fr\/?s={search_term_string}"},"query-input":{"@type":"PropertyValueSpecification","valueRequired":true,"valueName":"search_term_string"}}],"inLanguage":"fr-FR"},{"@type":"Organization","@id":"https:\/\/www.euromaritime.fr\/#organization","name":"Euromaritime","url":"https:\/\/www.euromaritime.fr\/","logo":{"@type":"ImageObject","inLanguage":"fr-FR","@id":"https:\/\/www.euromaritime.fr\/#\/schema\/logo\/image\/","url":"https:\/\/rcpt1.euromaritime.fr\/wp-content\/uploads\/2023\/02\/euromaritime-logo-dark.svg","contentUrl":"https:\/\/rcpt1.euromaritime.fr\/wp-content\/uploads\/2023\/02\/euromaritime-logo-dark.svg","caption":"Euromaritime"},"image":{"@id":"https:\/\/www.euromaritime.fr\/#\/schema\/logo\/image\/"},"sameAs":["https:\/\/x.com\/Euromaritime22","https:\/\/www.linkedin.com\/company\/euromaritime\/","https:\/\/www.youtube.com\/@euromaritime5954"]}]}},"_links":{"self":[{"href":"https:\/\/rcpt1.euromaritime.fr\/fr\/wp-json\/wp\/v2\/pages\/16711","targetHints":{"allow":["GET"]}}],"collection":[{"href":"https:\/\/rcpt1.euromaritime.fr\/fr\/wp-json\/wp\/v2\/pages"}],"about":[{"href":"https:\/\/rcpt1.euromaritime.fr\/fr\/wp-json\/wp\/v2\/types\/page"}],"author":[{"embeddable":true,"href":"https:\/\/rcpt1.euromaritime.fr\/fr\/wp-json\/wp\/v2\/users\/1"}],"replies":[{"embeddable":true,"href":"https:\/\/rcpt1.euromaritime.fr\/fr\/wp-json\/wp\/v2\/comments?post=16711"}],"version-history":[{"count":0,"href":"https:\/\/rcpt1.euromaritime.fr\/fr\/wp-json\/wp\/v2\/pages\/16711\/revisions"}],"up":[{"embeddable":true,"href":"https:\/\/rcpt1.euromaritime.fr\/fr\/wp-json\/wp\/v2\/pages\/3926"}],"wp:attachment":[{"href":"https:\/\/rcpt1.euromaritime.fr\/fr\/wp-json\/wp\/v2\/media?parent=16711"}],"curies":[{"name":"wp","href":"https:\/\/api.w.org\/{rel}","templated":true}]}}